{"id":595,"date":"2023-10-18T11:54:06","date_gmt":"2023-10-18T11:54:06","guid":{"rendered":"https:\/\/affpact.com\/?page_id=595"},"modified":"2023-10-24T13:25:04","modified_gmt":"2023-10-24T13:25:04","slug":"banque","status":"publish","type":"page","link":"https:\/\/affpact.com\/fr\/banque\/","title":{"rendered":"Banque"},"content":{"rendered":"<p>[et_pb_section fb_built=\"1\u2033 admin_label=\"Section Titre de la page\" _builder_version=\"4.16\u2033 use_background_color_gradient=\"on\" background_color_gradient_direction=\"100deg\" background_color_gradient_stops=\"#6b73ff 0%|#000dff 100%\" background_color_gradient_start=\"#6b73ff\" background_color_gradient_end=\"#000dff\" background_image=\"https:\/\/affpact.com\/wp-content\/uploads\/2023\/10\/section-bg-heptagon-right2.png\" custom_padding=\"100px||100px|\" global_colors_info=\"{}\"][et_pb_row admin_label=\"Zone du titre de la page\" _builder_version=\"4.16\u2033 background_size=\"initial\" background_position=\"top_left\" background_repeat=\"repeat\" global_colors_info=\"{}\"][et_pb_column type=\"4_4\u2033 _builder_version=\"4.16\u2033 custom_padding=\"|||\" global_colors_info=\"{}\" custom_padding__hover=\"|||\"][et_pb_text admin_label=\"Titre\" _builder_version=\"4.22.2\u2033 text_font=\"Poppins||||||||\" text_font_size=\"18px\" text_line_height=\"1.8em\" header_font=\"Poppins|600|||||||\" header_font_size=\"48px\" header_line_height=\"1.4em\" header_2_font=\"||||||||\" text_orientation=\"center\" background_layout=\"dark\" max_width=\"700px\" module_alignment=\"center\" custom_margin=\"||5px||\" animation_style=\"fade\" global_colors_info=\"{}\"]<\/p>\n<h1><span data-sheets-value=\"{&quot;1&quot;:2,&quot;2&quot;:&quot;Bank&quot;}\" data-sheets-userformat=\"{&quot;2&quot;:16961,&quot;3&quot;:{&quot;1&quot;:0},&quot;9&quot;:1,&quot;12&quot;:0,&quot;17&quot;:1}\">Banque<\/span><\/h1>\n<p><span data-sheets-value=\"{&quot;1&quot;:2,&quot;2&quot;:&quot;Transformacja Banku: Studium Przypadku Naszego Klienta&quot;}\" data-sheets-userformat=\"{&quot;2&quot;:513,&quot;3&quot;:{&quot;1&quot;:0},&quot;12&quot;:0}\">Transformation de la banque : Une \u00e9tude de cas de notre client<\/span><\/p>\n<p>[\/et_pb_text][\/et_pb_column][\/et_pb_row][\/et_pb_section][et_pb_section fb_built=\"1\u2033 _builder_version=\"4.22.2\u2033 _module_preset=\"default\" global_colors_info=\"{}\"][et_pb_row column_structure=\"1_4,1_4,1_4,1_4\u2033 admin_label=\"Faits amusants\" _builder_version=\"4.16\u2033 min_height=\"116px\" custom_margin=\"|||\" global_colors_info=\"{}\"][et_pb_column type=\"1_4\u2033 _builder_version=\"4.16\u2033 custom_padding=\"|||\" global_colors_info=\"{}\" custom_padding__hover=\"|||\"][et_pb_number_counter title=\"Clics\" number=\"39K\" percent_sign=\"off\" _builder_version=\"4.22.2\u2033 title_font=\"Poppins||||||||\" number_font=\"Poppins||||||||\" number_text_color=\"#ff2671\u2033 global_colors_info=\"{}\"][\/et_pb_number_counter][\/et_pb_column][et_pb_column type=\"1_4\u2033 _builder_version=\"4.16\u2033 custom_padding=\"|||\" global_colors_info=\"{}\" custom_padding__hover=\"|||\"][et_pb_number_counter title=\"Comptes personnels\" number=\"216\u2033 percent_sign=\"off\" _builder_version=\"4.22.2\u2033 title_font=\"Poppins||||||||\" number_font=\"Poppins||||||||\" number_text_color=\"#00b1f9\u2033 global_colors_info=\"{}\"][\/et_pb_number_counter][\/et_pb_column][et_pb_column type=\"1_4\u2033 _builder_version=\"4.16\u2033 custom_padding=\"|||\" global_colors_info=\"{}\" custom_padding__hover=\"|||\"][et_pb_number_counter title=\"Comptes de la soci\u00e9t\u00e9\" number=\"111\u2033 percent_sign=\"off\" title_font=\"Poppins||||||||\" number_font=\"Poppins||||||||\" number_text_color=\"#33c4ce\" global_colors_info=\"{}\"][\/et_pb_number_counter][\/et_pb_column][et_pb_column type=\"1_4\u2033 _builder_version=\"4.16\u2033 custom_padding=\"|||\" global_colors_info=\"{}\" custom_padding__hover=\"|||\"][et_pb_number_counter title=\"Plus de trafic sur le site\" number=\"13\u2033 _builder_version=\"4.22.2\u2033 title_font=\"Poppins||||||||\" number_font=\"Poppins||||||||\" global_colors_info=\"{}\"][\/et_pb_number_counter][\/et_pb_column][\/et_pb_row][\/et_pb_section][et_pb_section fb_built=\"1\u2033 admin_label=\"Section Rapport Annuel\" _builder_version=\"4.16\u2033 custom_margin=\"|||\" custom_padding=\"5px||12px||||\" global_colors_info=\"{}\"][et_pb_row column_structure=\"2_5,3_5\u2033 use_custom_gutter=\"on\" gutter_width=\"1\u2033 admin_label=\"Zone du rapport annuel\" module_class=\" et_pb_row_fullwidth\" _builder_version=\"4.16\u2033 width=\"100%\" width_tablet=\"100%\" width_last_edited=\"on|desktop\" max_width=\"100%\" max_width_tablet=\"100%\" max_width_phone=\"100%\" max_width_last_edited=\"on|desktop\" custom_padding=\"||\" make_fullwidth=\"on\" global_colors_info=\"{}\"][et_pb_column type=\"2_5\u2033 _builder_version=\"4.16\u2033 custom_padding=\"||\" global_colors_info=\"{}\" custom_padding__hover=\"||\"][et_pb_image src=\"https:\/\/affpact.com\/wp-content\/uploads\/2023\/10\/2201.i121.010.S.m005.c13.isometric-bank-illustration-scaled.jpg\" title_text=\"Isometric Bank Composition\" force_fullwidth=\"on\" align_tablet=\"center\" align_phone=\"center\" align_last_edited=\"on|desktop\" _builder_version=\"4.22.2\u2033 animation_style=\"fade\" border_radii=\"off||50px|50px|\" global_colors_info=\"{}\"][\/et_pb_image][\/et_pb_column][et_pb_column type=\"3_5\u2033 _builder_version=\"4.16\u2033 custom_padding=\"180px|12%|180px|8%\" global_colors_info=\"{}\" custom_padding__hover=\"|||\"][et_pb_cta title=\"Description du client\" button_url=\"#\" admin_label=\"Texte du rapport de l'ann\u00e9e derni\u00e8re\" _builder_version=\"4.22.2\u2033 header_font=\"Poppins|600|||||||\" header_font_size=\"36px\" header_line_height=\"1.4em\" body_font=\"Poppins||||||||\" body_font_size=\"16px\" body_line_height=\"1.8em\" use_background_color=\"off\" custom_button=\"on\" button_text_size=\"14px\" button_text_color=\"#ffffff\" button_bg_color=\"#8b20bb\" button_border_width=\"12px\" button_border_color=\"#8b20bb\" button_letter_spacing=\"2px\" button_font=\"Poppins|600||on|||||\" button_icon=\"$||divi||400\u2033 text_orientation=\"left\" background_layout=\"light\" max_width=\"550px\" custom_margin=\"-41px|||||\" custom_padding=\"1px|||||\" animation_style=\"slide\" animation_direction=\"right\" animation_intensity_slide=\"10%\" animation_starting_opacity=\"100%\" global_colors_info=\"{}\" button_text_size__hover_enabled=\"off\" button_one_text_size__hover_enabled=\"off\" button_two_text_size__hover_enabled=\"off\" button_text_color__hover_enabled=\"off\" button_one_text_color__hover_enabled=\"off\" button_two_text_color__hover_enabled=\"off\" button_border_width__hover_enabled=\"off\" button_one_border_width__hover_enabled=\"off\" button_two_border_width__hover_enabled=\"off\" button_two_border_width__hover_enabled=\"off\" button_border_color__hover_enabled=\"off\" button_one_border_color__hover_enabled=\"off\" button_two_border_color__hover_enabled=\"off\" button_border_radius__hover_enabled=\"off\" button_one_border_radius__hover_enabled=\"off\" button_two_border_radius__hover_enabled=\"off\" button_letter_spacing__hover_enabled=\"off\" button_one_letter_spacing__hover_enabled=\"off\" button_two_letter_spacing__hover_enabled=\"off\" button_bg_color__hover_enabled=\"off\" button_one_bg_color__hover_enabled=\"off\" button_two_bg_color__hover_enabled=\"off\"]Notre client est une banque de renom, qui cherche \u00e0 attirer de nouveaux clients, particuliers et professionnels, pour ouvrir de nouveaux comptes personnels et professionnels. La banque a une longue histoire et une bonne r\u00e9putation sur le march\u00e9, mais face \u00e0 la concurrence et aux changements dynamiques dans le secteur bancaire, elle a d\u00e9cid\u00e9 de relever le d\u00e9fi d'attirer de nouveaux clients [\/et_pb_cta][\/et_pb_column][\/et_pb_row][\/et_pb_section][et_pb_section fb_built=\"1\u2033 admin_label=\"Section des d\u00e9tails du projet\" _builder_version=\"4.16\u2033 background_image=\"https:\/\/affpact.com\/wp-content\/uploads\/2023\/10\/section-bg-graph.png\" background_size=\"contain\" background_position=\"bottom_center\" custom_padding=\"0px||90px||\" global_colors_info=\"{}\"][et_pb_row admin_label=\"R\u00e9sum\u00e9 du projet\" _builder_version=\"4.16\u2033 custom_padding=\"|||\" global_colors_info=\"{}\"][et_pb_column type=\"4_4\u2033 _builder_version=\"4.16\u2033 custom_padding=\"||\" global_colors_info=\"{}\" custom_padding__hover=\"|||\"][et_pb_text admin_label=\"Titre\" _builder_version=\"4.22.2\u2033 text_font=\"Poppins||||||||\" text_font_size=\"16px\" text_line_height=\"1.8em\" ul_font=\"||||||||\" ol_font=\"||||||||\" header_font=\"||||||||\" header_2_font=\"Poppins|600|||||||\" header_2_font_size=\"36px\" header_2_line_height=\"1.4em\" max_width=\"800px\" animation_style=\"fold\" animation_direction=\"bottom\" animation_intensity_fold=\"10%\" animation_starting_opacity=\"100%\" global_colors_info=\"{}\"]<\/p>\n<h2>Hypoth\u00e8ses<\/h2>\n<p>Nos objectifs \u00e9taient d'atteindre de nouveaux clients potentiels et d'augmenter le trafic sur le site web de la banque. En outre, le client souhaitait augmenter les ventes de comptes personnels et professionnels. Nous avons d\u00e9termin\u00e9 que la cl\u00e9 du succ\u00e8s serait une compr\u00e9hension approfondie du profil du client id\u00e9al pour les secteurs B2C et B2B [\/et_pb_text][\/et_pb_column][\/et_pb_row][et_pb_row admin_label=\"Strat\u00e9gie du projet\" _builder_version=\"4.16\u2033 custom_margin=\"|||\" custom_padding=\"||\" global_colors_info=\"{}\"][et_pb_column type=\"4_4\u2033 _builder_version=\"4.16\u2033 custom_padding=\"||\" global_colors_info=\"{}\" custom_padding__hover=\"|||\"][et_pb_text ul_type=\"circle\" ul_position=\"inside\" admin_label=\"Titre\" _builder_version=\"4.22.2\u2033 text_font=\"Poppins||||||||\" text_font_size=\"16px\" text_line_height=\"1.8em\" ul_font=\"||||||||\" ul_line_height=\"2em\" ol_font=\"||||||||\" header_font=\"||||||||\" header_2_font=\"Poppins|600|||||||\" header_2_font_size=\"36px\" header_2_line_height=\"1.4em\" max_width=\"800px\" animation_style=\"fold\" animation_direction=\"bottom\" animation_intensity_fold=\"10%\" animation_starting_opacity=\"100%\" global_colors_info=\"{}\"]<\/p>\n<h2>Nos activit\u00e9s<\/h2>\n<p>Notre travail a commenc\u00e9 par une <strong>consultation<\/strong> avec le client afin d'identifier les objectifs sp\u00e9cifiques et les <strong>strat\u00e9gie de marketing<\/strong>. Dans un premier temps, nous avons proc\u00e9d\u00e9 \u00e0 une analyse approfondie du march\u00e9 et de la client\u00e8le, ce qui nous a permis d'identifier les groupes cibles que nous souhaitions atteindre. Le profil du client id\u00e9al pour le secteur <strong>B2C et B2B<\/strong> \u00e9tait un point cl\u00e9 de notre strat\u00e9gie.<\/p>\n<p>En termes de <strong>activit\u00e9s de publipostage<\/strong> Nous avons pr\u00e9par\u00e9 des cr\u00e9ations publicitaires soigneusement con\u00e7ues et attrayantes. Apr\u00e8s approbation du client, nous avons lanc\u00e9 une campagne de publipostage intensive ciblant \u00e0 la fois les particuliers et les entreprises. Nos activit\u00e9s de mailing comprenaient \u00e9galement la segmentation des destinataires et la fourniture d'un contenu sur mesure.<\/p>\n<p>Les activit\u00e9s ont \u00e9t\u00e9 enrichies par <strong>marketing par sms<\/strong>qui a touch\u00e9 de plus en plus de clients en leur proposant des offres attrayantes et des informations sur les comptes personnels et professionnels disponibles aupr\u00e8s de la banque.<\/p>\n<p>Annonces <strong>affichage<\/strong> ont \u00e9t\u00e9 plac\u00e9es sur des sites web du secteur et sur des sites de comparaison de comptes personnels et professionnels, ce qui leur a permis d'atteindre un large \u00e9ventail de clients potentiels.<\/p>\n<p>En outre, notre <strong>D\u00e9partement CC<\/strong>Les activit\u00e9s de CC ont permis de se rapprocher des clients et de leur fournir des informations suppl\u00e9mentaires sur l'offre de la banque. Les activit\u00e9s de CC ont permis de se rapprocher des clients et de leur fournir des informations suppl\u00e9mentaires sur l'offre de la banque.<\/p>\n<p>Nos activit\u00e9s \u00e9taient les suivantes <strong>complet<\/strong> et impliqu\u00e9 <strong>plusieurs canaux de commercialisation<\/strong>.<\/p>\n<p>[\/et_pb_text][\/et_pb_column][\/et_pb_row][et_pb_row admin_label=\"R\u00e9sultat prouv\u00e9\" _builder_version=\"4.16\u2033 custom_margin=\"|||\" custom_padding=\"|||\" global_colors_info=\"{}\"][et_pb_column type=\"4_4\u2033 _builder_version=\"4.16\u2033 custom_padding=\"||\" global_colors_info=\"{}\" custom_padding__hover=\"|||\"][et_pb_text admin_label=\"Titre\" _builder_version=\"4.22.2\u2033 text_font=\"Poppins||||||||\" text_font_size=\"16px\" text_line_height=\"1.8em\" ul_font=\"||||||||\" ol_font=\"||||||||\" header_font=\"||||||||\" header_2_font=\"Poppins|600|||||||\" header_2_font_size=\"36px\" header_2_line_height=\"1.4em\" max_width=\"800px\" animation_style=\"fold\" animation_direction=\"bottom\" animation_intensity_fold=\"10%\" animation_starting_opacity=\"100%\" global_colors_info=\"{}\"]<\/p>\n<h2>R\u00e9sultats<\/h2>\n<p>Nos efforts ont donn\u00e9 d'excellents r\u00e9sultats. La banque a re\u00e7u un total de 39 000 clics gr\u00e2ce \u00e0 nos activit\u00e9s. En outre, nous avons pu attirer 216 nouveaux clients particuliers et 111 clients professionnels qui ont ouvert des comptes personnels et professionnels. Le trafic sur le site web de la banque a augment\u00e9 de beeindruckende 217%, et 13% de visites suppl\u00e9mentaires ont \u00e9t\u00e9 enregistr\u00e9es.<\/p>\n<p>Ces r\u00e9sultats sont un excellent exemple de l'utilisation efficace de plusieurs canaux de marketing pour acqu\u00e9rir de nouveaux clients et augmenter les ventes. Nous sommes ravis d'avoir accompagn\u00e9 notre client dans sa transformation vers le succ\u00e8s.[\/et_pb_text][\/et_pb_column][\/et_pb_row][\/et_pb_section][et_pb_section fb_built=\"1\u2033 admin_label=\"Section de nos derniers projets\" _builder_version=\"4.16\u2033 background_color=\"#f0f0f0\u2033 background_color_gradient_direction=\"100deg\" background_position=\"top_center\" custom_margin=\"-86px|||||\" custom_padding=\"90px||90px|\" locked=\"off\" global_colors_info=\"{}\"][et_pb_row _builder_version=\"4.22.2\u2033 _module_preset=\"default\" global_colors_info=\"{}\"][et_pb_column type=\"4_4\u2033 _builder_version=\"4.22.2\u2033 _module_preset=\"default\" global_colors_info=\"{}\"][et_pb_slider arrows_custom_color=\"#3333\u2033 _builder_version=\"4.22.2\u2033 _module_preset=\"default\" header_font=\"|600|||||||\" header_text_color=\"#3333\u2033 header_font_size=\"30px\" header_line_height=\"1.4em\" body_font=\"Poppins||||||||\" body_text_color=\"#333333\u2033 background_color=\"#FFFFFF\" custom_button=\"on\" button_text_size=\"16px\" button_bg_color=\"#8b20bb\" button_border_width=\"12px\" button_border_color=\"#8b20bb\" button_letter_spacing=\"2px\" button_font=\"Poppins||on|||||\" custom_padding=\"25px||25px|false|false\" global_colors_info=\"{}\"][et_pb_slide heading=\"Boutique de spiritueux sophistiqu\u00e9e\" button_text=\"PREVIEW\" button_link=\"https :\/\/affpact.com\/alcohol-store\" image=\"https:\/\/affpact.com\/wp-content\/uploads\/2023\/10\/istockphoto-1273925063-612\u00d7612-1.png\" _builder_version=\"4.22.2\u2033 _module_preset=\"default\" header_font=\"Poppins||||||||\" body_line_height=\"1.8em\" global_colors_info=\"{}\" sticky_transition=\"on\"]Gr\u00e2ce \u00e0 nos efforts marketing soigneusement adapt\u00e9s, le magasin a non seulement gagn\u00e9 de nouveaux clients, mais a \u00e9galement augment\u00e9 les ventes de sa gamme unique d'alcools. Nous avons obtenu un retour sur investissement de 200%, un taux d'ouverture de 24% et un taux de conversion de 1 21%.[\/et_pb_slide][et_pb_slide heading=\"Telecommunications provider\" button_text=\"PREVIEW\" button_link=\"https:\/\/affpact.com\/telecommunications\" image=\"https:\/\/affpact.com\/wp-content\/uploads\/2023\/10\/istockphoto-493902060-170667a.png\" _builder_version=\"4.22.2\u2033 _module_preset=\"default\" header_font=\"Poppins||||||||\" body_font=\"Poppins||||||||\" body_line_height=\"1.8em\" global_colors_info=\"{}\" sticky_transition=\"on\"]Gr\u00e2ce \u00e0 nos efforts fructueux, notre client, fournisseur de services de t\u00e9l\u00e9communications, a vu ses ventes d'abonnements mobiles augmenter de mani\u00e8re significative. Nos campagnes de publipostage, notre marketing par affichage et nos ventes par l'interm\u00e9diaire du centre d'appels ont contribu\u00e9 \u00e0 accro\u00eetre la notori\u00e9t\u00e9 de la marque et \u00e0 convertir les clients potentiels en acheteurs fid\u00e8les. Notre strat\u00e9gie marketing globale a aid\u00e9 le client \u00e0 r\u00e9ussir sur le march\u00e9 concurrentiel des t\u00e9l\u00e9communications.\"[\/et_pb_slide][et_pb_slide heading=\"Payment terminal provider\" button_text=\"PREVIEW\" button_link=\"https:\/\/affpact.com\/payment-terminal-provider\" image=\"https:\/\/affpact.com\/wp-content\/uploads\/2023\/10\/7135269.png\" _builder_version=\"4.22.2\u2033 _module_preset=\"default\" header_font=\"Poppins||||||||\" body_font=\"Poppins||||||||\" body_line_height=\"1.8em\" global_colors_info=\"{}\" sticky_transition=\"on\"]Gr\u00e2ce \u00e0 nos activit\u00e9s, le client a vu ses ventes de terminaux de paiement augmenter de mani\u00e8re significative. L'\u00e9tude des besoins des clients a contribu\u00e9 \u00e0 une personnalisation plus efficace de l'offre. Nos campagnes ont \u00e9galement contribu\u00e9 \u00e0 accro\u00eetre la notori\u00e9t\u00e9 de la marque et \u00e0 renforcer sa position sur le march\u00e9.[\/et_pb_slide][et_pb_slide heading=\"Premium clothing shop\" button_text=\"PREVIEW\" button_link=\"https:\/\/affpact.com\/premium-clothing-store\/\" image=\"https:\/\/affpact.com\/wp-content\/uploads\/2023\/10\/istockphoto-1267581166-170667a.png\" _builder_version=\"4.22.2\u2033 _module_preset=\"default\" header_font=\"Poppins||||||||\" body_font=\"Poppins||||||||\" body_line_height=\"1.8em\" global_colors_info=\"{}\" sticky_transition=\"on\"]<\/p>\n<p>Les activit\u00e9s ont donn\u00e9 des r\u00e9sultats impressionnants. Notre strat\u00e9gie personnalis\u00e9e a contribu\u00e9 \u00e0 une augmentation significative de la visibilit\u00e9 de la marque et des ventes de v\u00eatements haut de gamme en ligne. Nos campagnes ont converti des clients potentiels en acheteurs r\u00e9guliers, et le client a constat\u00e9 une augmentation significative du retour sur investissement, des conversions et du trafic vers son site web. Il s'agit d'un excellent exemple de r\u00e9ussite dans le secteur concurrentiel de la mode pour les femmes d'\u00e2ge m\u00fbr.<\/p>\n<p>[\/et_pb_slide][et_pb_slide heading=\"Startup SaaS\" button_text=\"READ\" button_link=\"https:\/\/affpact.com\/startupu-sas\" image=\"https:\/\/affpact.com\/wp-content\/uploads\/2023\/10\/data-icon.png\" _builder_version=\"4.22.2\u2033 _module_preset=\"default\" header_font=\"Poppins||||||||\" body_font=\"Poppins||||||||\" body_line_height=\"1.8em\" global_colors_info=\"{}\" sticky_transition=\"on\"]<\/p>\n<p>En trois mois d'activit\u00e9 intensive, notre client a enregistr\u00e9 d'excellents r\u00e9sultats. Nous avons acquis 7 nouvelles entreprises clientes, ce qui est un r\u00e9sultat significatif sur le march\u00e9 B2B. Les campagnes de mailing ont atteint un CTR impressionnant de 11 29%, confirmant l'efficacit\u00e9 des activit\u00e9s. Le trafic vers le site web du client a augment\u00e9 de fa\u00e7on impressionnante de 78%, ce qui d\u00e9montre la notori\u00e9t\u00e9 accrue de la marque. Notre client est absolument satisfait des r\u00e9sultats des campagnes et continue \u00e0 travailler de mani\u00e8re fructueuse avec notre agence.<\/p>\n<p>[\/et_pb_slide][et_pb_slide heading=\"Coach\" button_text=\"READ\" button_link=\"https:\/\/affpact.com\/ekspert-coach\" image=\"https:\/\/affpact.com\/wp-content\/uploads\/2023\/10\/2726000.png\" _builder_version=\"4.22.2\u2033 _module_preset=\"default\" header_font=\"Poppins||||||||\" body_font=\"Poppins||||||||\" body_line_height=\"1.8em\" global_colors_info=\"{}\" sticky_transition=\"on\"]<\/p>\n<p>L'exemple de notre client est une r\u00e9ussite inspirante. Un coach passionn\u00e9 a fix\u00e9 des objectifs commerciaux ambitieux. Ensemble, nous avons \u00e9labor\u00e9 une strat\u00e9gie de marketing, en nous concentrant sur l'optimisation du site web et l'envoi d'e-mails efficaces. Les r\u00e9sultats ont d\u00e9pass\u00e9 nos attentes : 4 collaborations pr\u00e9cieuses, 7 nouveaux mots-cl\u00e9s et une augmentation du trafic sur le site web de 217%. Notre collaboration a aid\u00e9 le client \u00e0 r\u00e9ussir dans le secteur du coaching.<\/p>\n<p>[\/et_pb_slide][et_pb_slide heading=\"Banque\" button_text=\"LIRE\" button_link=\"https:\/\/affpact.com\/bank\" image=\"https:\/\/affpact.com\/wp-content\/uploads\/2023\/10\/istockphoto-866779562-170667a.jpg\" _builder_version=\"4.22.2\u2033 _module_preset=\"default\" header_font=\"Poppins||||||||\" body_font=\"Poppins||||||||\" body_line_height=\"1.8em\" global_colors_info=\"{}\" sticky_transition=\"on\"]<\/p>\n<p>Le cas de la transformation de la banque est une histoire inspirante de r\u00e9ussite. En collaboration avec le client, nous avons \u00e9labor\u00e9 une strat\u00e9gie marketing compl\u00e8te qui a permis d'obtenir pas moins de 39 000 clics. Nos efforts ont permis \u00e0 216 nouveaux clients particuliers et \u00e0 111 clients professionnels d'ouvrir des comptes personnels et professionnels. Le site web de la banque a enregistr\u00e9 une augmentation impressionnante du trafic de 217%. Notre coop\u00e9ration a permis \u00e0 la banque d'attirer de nouveaux clients et d'augmenter ses ventes.<\/p>\n<p>[\/et_pb_slide][\/et_pb_slider][\/et_pb_column][\/et_pb_row][\/et_pb_section][et_pb_section fb_built=\"1\u2033 admin_label=\"Hero Section\" _builder_version=\"4.16\u2033 background_color_gradient_direction=\"100deg\" background_image=\"https:\/\/affpact.com\/wp-content\/uploads\/2023\/10\/section-bg-hero3.png\" custom_padding=\"8%||8%|\" locked=\"off\" global_colors_info=\"{}\"][et_pb_row admin_label=\"Hero Area\" _builder_version=\"4.16\u2033 background_size=\"initial\" background_position=\"top_left\" background_repeat=\"repeat\" global_colors_info=\"{}\"][et_pb_column type=\"4_4\u2033 _builder_version=\"4.16\u2033 custom_padding=\"|||\" global_colors_info=\"{}\" custom_padding__hover=\"|||\"][et_pb_cta title=\"Parlons collaboration \" button_url=\"https:\/\/affpact.com\/cooperation\" button_text=\"Contact \" admin_label=\"Hero Text\" _builder_version=\"4.22.2\u2033 header_level=\"h1\u2033 header_font=\"Poppins|600|||||||\" header_font_size=\"48px\" header_line_height=\"1.4em\" body_font=\"Poppins||||||||\" body_font_size=\"18px\" body_line_height=\"1.8em\" use_background_color=\"off\" custom_button=\"on\" button_text_size=\"14px\" button_text_color=\"#ffff\" button_bg_color=\"#000dff\" button_border_width=\"12px\" button_border_color=\"#000dff\" button_letter_spacing=\"2px\" button_font=\"Poppins|600||on|||||\" button_icon=\"$||divi||400\u2033 background_layout=\"light\" max_width=\"700px\" module_alignment=\"center\" animation_style=\"fade\" global_colors_info=\"{}\" button_text_size__hover_enabled=\"off\" button_one_text_size__hover_enabled=\"off\" button_two_text_size__hover_enabled=\"off\" button_text_color__hover_enabled=\"off\" button_one_text_color__hover_enabled=\"off\" button_two_text_color__hover_enabled=\"off\" button_border_width__hover_enabled=\"off\" button_one_border_width__hover_enabled=\"off\" button_two_border_width__hover_enabled=\"off\" button_border_color__hover_enabled=\"off\" button_one_border_color__hover_enabled=\"off\" button_two_border_color__hover_enabled=\"off\" button_border_radius__hover_enabled=\"off\" button_one_border_radius__hover_enabled=\"off\" button_two_border_radius__hover_enabled=\"off\" button_letter_spacing__hover_enabled=\"off\" button_one_letter_spacing__hover_enabled=\"off\" button_two_letter_spacing__hover_enabled=\"off\" button_bg_color__hover_enabled=\"off\" button_one_bg_color__hover_enabled=\"off\" button_two_bg_color__hover_enabled=\"off\"]<\/p>\n<p>Laissez-nous devenir votre partenaire fiable en mati\u00e8re de marketing. Faites-nous confiance, et ensemble, nous conna\u00eetrons le succ\u00e8s.<\/p>\n<p>[\/et_pb_cta][\/et_pb_column][\/et_pb_row][\/et_pb_section]<\/p>","protected":false},"excerpt":{"rendered":"<p>Transformation d'une banque : Une \u00e9tude de cas de notre clientNotre client est une banque bien connue qui cherche \u00e0 attirer de nouveaux clients, particuliers et professionnels, pour l'ouverture de nouveaux comptes personnels et professionnels. La banque a une longue histoire et une bonne r\u00e9putation sur le march\u00e9, mais face \u00e0 la concurrence et aux changements dynamiques dans le secteur bancaire, elle a d\u00e9cid\u00e9 de relever le d\u00e9fi d'attirer de nouveaux clients. [...]<\/p>","protected":false},"author":2,"featured_media":0,"parent":0,"menu_order":0,"comment_status":"closed","ping_status":"closed","template":"","meta":{"_et_pb_use_builder":"on","_et_pb_old_content":"","_et_gb_content_width":"","footnotes":""},"class_list":["post-595","page","type-page","status-publish","hentry"],"aioseo_notices":[],"_links":{"self":[{"href":"https:\/\/affpact.com\/fr\/wp-json\/wp\/v2\/pages\/595","targetHints":{"allow":["GET"]}}],"collection":[{"href":"https:\/\/affpact.com\/fr\/wp-json\/wp\/v2\/pages"}],"about":[{"href":"https:\/\/affpact.com\/fr\/wp-json\/wp\/v2\/types\/page"}],"author":[{"embeddable":true,"href":"https:\/\/affpact.com\/fr\/wp-json\/wp\/v2\/users\/2"}],"replies":[{"embeddable":true,"href":"https:\/\/affpact.com\/fr\/wp-json\/wp\/v2\/comments?post=595"}],"version-history":[{"count":4,"href":"https:\/\/affpact.com\/fr\/wp-json\/wp\/v2\/pages\/595\/revisions"}],"predecessor-version":[{"id":731,"href":"https:\/\/affpact.com\/fr\/wp-json\/wp\/v2\/pages\/595\/revisions\/731"}],"wp:attachment":[{"href":"https:\/\/affpact.com\/fr\/wp-json\/wp\/v2\/media?parent=595"}],"curies":[{"name":"wp","href":"https:\/\/api.w.org\/{rel}","templated":true}]}}