{"id":238,"date":"2023-10-16T09:59:03","date_gmt":"2023-10-16T09:59:03","guid":{"rendered":"https:\/\/affpact.com\/?page_id=238"},"modified":"2023-10-24T13:23:38","modified_gmt":"2023-10-24T13:23:38","slug":"fournisseur-de-terminaux-de-paiement","status":"publish","type":"page","link":"https:\/\/affpact.com\/fr\/fournisseur-de-terminaux-de-paiement\/","title":{"rendered":"Fournisseur de terminaux de paiement"},"content":{"rendered":"<p>[et_pb_section fb_built=\"1\u2033 admin_label=\"Section Titre de la page\" _builder_version=\"4.16\u2033 use_background_color_gradient=\"on\" background_color_gradient_direction=\"100deg\" background_color_gradient_stops=\"#6b73ff 0%|#000dff 100%\" background_color_gradient_start=\"#6b73ff\" background_color_gradient_end=\"#000dff\" background_image=\"https:\/\/affpact.com\/wp-content\/uploads\/2023\/10\/section-bg-heptagon-right2.png\" custom_padding=\"100px||100px|\" global_colors_info=\"{}\"][et_pb_row admin_label=\"Zone du titre de la page\" _builder_version=\"4.16\u2033 background_size=\"initial\" background_position=\"top_left\" background_repeat=\"repeat\" global_colors_info=\"{}\"][et_pb_column type=\"4_4\u2033 _builder_version=\"4.16\u2033 custom_padding=\"|||\" global_colors_info=\"{}\" custom_padding__hover=\"|||\"][et_pb_text admin_label=\"Titre\" _builder_version=\"4.22.2\u2033 text_font=\"Poppins||||||||\" text_font_size=\"18px\" text_line_height=\"1.8em\" header_font=\"Poppins|600|||||||\" header_font_size=\"48px\" header_line_height=\"1.4em\" header_2_font=\"||||||||\" text_orientation=\"center\" background_layout=\"dark\" max_width=\"700px\" module_alignment=\"center\" custom_margin=\"||5px||\" animation_style=\"fade\" global_colors_info=\"{}\"]<\/p>\n<h1>Fournisseur de terminaux de paiement<\/h1>\n<p>Optimisation des transactions : Le cas d'un fournisseur de terminaux de paiement [\/et_pb_text][\/et_pb_column][\/et_pb_row][\/et_pb_section][et_pb_section fb_built=\"1\u2033 _builder_version=\"4.22.2\u2033 _module_preset=\"default\" global_colors_info=\"{}\"][et_pb_row column_structure=\"1_4,1_4,1_4,1_4\u2033 admin_label=\"Faits amusants\" _builder_version=\"4.16\u2033 min_height=\"116px\" custom_margin=\"|||\" global_colors_info=\"{}\"][et_pb_column type=\"1_4\u2033 _builder_version=\"4.16\u2033 custom_padding=\"|||\" global_colors_info=\"{}\" custom_padding__hover=\"|||\"][et_pb_number_counter title=\"Satisfactions\" number=\"100\u2033 _builder_version=\"4.22.2\u2033 title_font=\"Poppins||||||||\" number_font=\"Poppins||||||||\" number_text_color=\"#ff2671\u2033 global_colors_info=\"{}\"][\/et_pb_number_counter][\/et_pb_column][et_pb_column type=\"1_4\u2033 _builder_version=\"4.16\u2033 custom_padding=\"|||\" global_colors_info=\"{}\" custom_padding__hover=\"|||\"][et_pb_number_counter title=\"Augmenter la sensibilisation\" number=\"+50\u2033 _builder_version=\"4.22.2\u2033 title_font=\"Poppins||||||||\" number_font=\"Poppins||||||||\" number_text_color=\"#00b1f9\u2033 global_colors_info=\"{}\"][\/et_pb_number_counter][\/et_pb_column][et_pb_column type=\"1_4\u2033 _builder_version=\"4.16\u2033 custom_padding=\"|||\" global_colors_info=\"{}\" custom_padding__hover=\"|||\"][et_pb_number_counter title=\"Nouveaux clients\" number=\"119\u2033 percent_sign=\"off\" _builder_version=\"4.22.2\u2033 title_font=\"Poppins||||||||\" number_font=\"Poppins||||||||\" number_text_color=\"#33c4ce\" global_colors_info=\"{}\"][\/et_pb_number_counter][\/et_pb_column][et_pb_column type=\"1_4\u2033 _builder_version=\"4.16\u2033 custom_padding=\"|||\" global_colors_info=\"{}\" custom_padding__hover=\"|||\"][et_pb_number_counter title=\"Taux de conversion\" number=\"11.57\u2033 _builder_version=\"4.22.2\u2033 title_font=\"Poppins||||||||\" number_font=\"Poppins||||||||\" global_colors_info=\"{}\"][\/et_pb_number_counter][\/et_pb_column][\/et_pb_row][\/et_pb_section][et_pb_section fb_built=\"1\u2033 admin_label=\"Section Rapport Annuel\" _builder_version=\"4.16\u2033 custom_margin=\"|||\" custom_padding=\"5px||12px||||\" global_colors_info=\"{}\"][et_pb_row column_structure=\"2_5,3_5\u2033 use_custom_gutter=\"on\" gutter_width=\"1\u2033 admin_label=\"Zone du rapport annuel\" module_class=\" et_pb_row_fullwidth\" _builder_version=\"4.16\u2033 width=\"100%\" width_tablet=\"100%\" width_last_edited=\"on|desktop\" max_width=\"100%\" max_width_tablet=\"100%\" max_width_phone=\"100%\" max_width_last_edited=\"on|desktop\" custom_padding=\"||\" make_fullwidth=\"on\" global_colors_info=\"{}\"][et_pb_column type=\"2_5\u2033 _builder_version=\"4.16\u2033 custom_padding=\"||\" global_colors_info=\"{}\" custom_padding__hover=\"||\"][et_pb_image src=\"https:\/\/affpact.com\/wp-content\/uploads\/2023\/10\/man-using-his-credit-card-pay-product-scaled.jpg\" title_text=\"man-using-his-credit-card-pay-product\" force_fullwidth=\"on\" align_tablet=\"center\" align_phone=\"center\" align_last_edited=\"on|desktop\" _builder_version=\"4.22.2\u2033 animation_style=\"fade\" border_radii=\"off||50px|50px|\" global_colors_info=\"{}\"][\/et_pb_image][\/et_pb_column][et_pb_column type=\"3_5\u2033 _builder_version=\"4.16\u2033 custom_padding=\"180px|12%|180px|8%\" global_colors_info=\"{}\" custom_padding__hover=\"|||\"][et_pb_cta title=\"Description du client\" button_url=\"#\" admin_label=\"Texte du rapport de l'ann\u00e9e derni\u00e8re\" _builder_version=\"4.22.2\u2033 header_font=\"Poppins|600|||||||\" header_font_size=\"36px\" header_line_height=\"1.4em\" body_font=\"Poppins||||||||\" body_font_size=\"16px\" body_line_height=\"1.8em\" use_background_color=\"off\" custom_button=\"on\" button_text_size=\"14px\" button_text_color=\"#ffff\" button_bg_color=\"#8b20bb\" button_border_width=\"12px\" button_border_color=\"#8b20bb\" button_letter_spacing=\"2px\" button_font=\"Poppins|600||on|||||\" button_icon=\"$||divi||400\u2033 text_orientation=\"left\" background_layout=\"light\" max_width=\"550px\" custom_margin=\"-41px|||||\" custom_padding=\"1px|||||\" animation_style=\"slide\" animation_direction=\"right\" animation_intensity_slide=\"10%\" animation_starting_opacity=\"100%\" global_colors_info=\"{}\" button_text_size__hover_enabled=\"off\" button_one_text_size__hover_enabled=\"off\" button_two_text_size__hover_enabled=\"off\" button_text_color__hover_enabled=\"off\" button_one_text_color__hover_enabled=\"off\" button_two_text_color__hover_enabled=\"off\" button_border_width__hover_enabled=\"off\" button_one_border_width__hover_enabled=\"off\" button_two_border_width__hover_enabled=\"off\" button_border_color__hover_enabled=\"off\" button_border_color__hover_enabled=\"off\" button_border_color__hover_enabled=\"off\" button_one_border_color__hover_enabled=\"off\" button_two_border_color__hover_enabled=\"off\" button_border_radius__hover_enabled=\"off\" button_one_border_radius__hover_enabled=\"off\" button_two_border_radius__hover_enabled=\"off\" button_letter_spacing__hover_enabled=\"off\" button_one_letter_spacing__hover_enabled=\"off\" button_two_letter_spacing__hover_enabled=\"off\" button_bg_color__hover_enabled=\"off\" button_one_bg_color__hover_enabled=\"off\" button_two_bg_color__hover_enabled=\"off\"]Notre client est une soci\u00e9t\u00e9 sp\u00e9cialis\u00e9e dans la fourniture de terminaux de paiement pour les entreprises. Elle nous a contact\u00e9 pour d\u00e9velopper efficacement sa client\u00e8le et augmenter ses ventes de terminaux de paiement [\/et_pb_cta][\/et_pb_column][\/et_pb_row][\/et_pb_section][et_pb_section fb_built=\"1\u2033 admin_label=\"Section des d\u00e9tails du projet\" _builder_version=\"4.16\u2033 background_image=\"https:\/\/affpact.com\/wp-content\/uploads\/2023\/10\/section-bg-graph.png\" background_size=\"contain\" background_position=\"bottom_center\" custom_padding=\"0px||90px||\" global_colors_info=\"{}\"][et_pb_row admin_label=\"R\u00e9sum\u00e9 du projet\" _builder_version=\"4.16\u2033 custom_padding=\"|||\" global_colors_info=\"{}\"][et_pb_column type=\"4_4\u2033 _builder_version=\"4.16\u2033 custom_padding=\"||\" global_colors_info=\"{}\" custom_padding__hover=\"|||\"][et_pb_text admin_label=\"Titre\" _builder_version=\"4.22.2\u2033 text_font=\"Poppins||||||||\" text_font_size=\"16px\" text_line_height=\"1.8em\" ul_font=\"||||||||\" ol_font=\"||||||||\" header_font=\"||||||||\" header_2_font=\"Poppins|600|||||||\" header_2_font_size=\"36px\" header_2_line_height=\"1.4em\" max_width=\"800px\" animation_style=\"fold\" animation_direction=\"bottom\" animation_intensity_fold=\"10%\" animation_starting_opacity=\"100%\" global_colors_info=\"{}\"]<\/p>\n<h2>Hypoth\u00e8ses<\/h2>\n<p>L'objectif du client \u00e9tait d'augmenter les ventes de terminaux de paiement et d'atteindre de nouveaux clients. Notre premi\u00e8re \u00e9tape a \u00e9t\u00e9 de bien comprendre les besoins des clients et d'identifier ceux qui \u00e9taient int\u00e9ress\u00e9s par ces produits [\/et_pb_text][\/et_pb_column][\/et_pb_row][et_pb_row admin_label=\"Strat\u00e9gie du projet\" _builder_version=\"4.16\u2033 custom_margin=\"|||\" custom_padding=\"||\" global_colors_info=\"{}\"][et_pb_column type=\"4_4\u2033 _builder_version=\"4.16\u2033 custom_padding=\"||\" global_colors_info=\"{}\" custom_padding__hover=\"|||\"][et_pb_text ul_type=\"circle\" ul_position=\"inside\" admin_label=\"Titre\" _builder_version=\"4.22.2\u2033 text_font=\"Poppins||||||||\" text_font_size=\"16px\" text_line_height=\"1.8em\" ul_font=\"||||||||\" ul_line_height=\"2em\" ol_font=\"||||||||\" header_font=\"||||||||\" header_2_font=\"Poppins|600|||||||\" header_2_font_size=\"36px\" header_2_line_height=\"1.4em\" max_width=\"800px\" animation_style=\"fold\" animation_direction=\"bottom\" animation_intensity_fold=\"10%\" animation_starting_opacity=\"100%\" global_colors_info=\"{}\"]<\/p>\n<h2>Nos activit\u00e9s<\/h2>\n<p><strong>1. enqu\u00eate d'int\u00e9r\u00eat :<\/strong> Nous avons commenc\u00e9 par mener une enqu\u00eate d'int\u00e9r\u00eat aupr\u00e8s de nos clients professionnels. Nous avons envoy\u00e9 des questionnaires, les interrogeant sur leur int\u00e9r\u00eat pour les terminaux de paiement et recueillant un retour d'information qui nous a permis d'adapter nos activit\u00e9s.<\/p>\n<p><strong>2. la refonte des formulaires en ligne :<\/strong> Sur la base des r\u00e9sultats de l'enqu\u00eate et des donn\u00e9es recueillies, nous avons proc\u00e9d\u00e9 \u00e0 une refonte majeure de nos formulaires en ligne. Nous posons d\u00e9sormais des questions sur l'int\u00e9r\u00eat pour les terminaux de paiement, ce qui nous permet d'attirer de nouveaux clients d\u00e8s cette information.<\/p>\n<p><strong>3. la s\u00e9lection des bases de donn\u00e9es appropri\u00e9es :<\/strong> Ce n'est qu'apr\u00e8s une analyse minutieuse et la pr\u00e9paration des formulaires en ligne que nous avons proc\u00e9d\u00e9 \u00e0 la s\u00e9lection des bases de donn\u00e9es appropri\u00e9es. Gr\u00e2ce \u00e0 la nouvelle qualit\u00e9 des informations collect\u00e9es, nous avons pu cibler pr\u00e9cis\u00e9ment le bon public.<\/p>\n<p><strong>4. activit\u00e9s de publipostage et centre d'appel :<\/strong> Nos activit\u00e9s comprenaient des campagnes de publipostage et des activit\u00e9s par l'interm\u00e9diaire du centre d'appel. Nos courriels et nos appels t\u00e9l\u00e9phoniques visaient \u00e0 pr\u00e9senter l'offre de mani\u00e8re attrayante et \u00e0 encourager l'utilisation des terminaux de paiement.<\/p>\n<p>[\/et_pb_text][\/et_pb_column][\/et_pb_row][et_pb_row admin_label=\"R\u00e9sultat prouv\u00e9\" _builder_version=\"4.16\u2033 custom_margin=\"|||\" custom_padding=\"|||\" global_colors_info=\"{}\"][et_pb_column type=\"4_4\u2033 _builder_version=\"4.16\u2033 custom_padding=\"||\" global_colors_info=\"{}\" custom_padding__hover=\"|||\"][et_pb_text admin_label=\"Titre\" _builder_version=\"4.22.2\u2033 text_font=\"Poppins||||||||\" text_font_size=\"16px\" text_line_height=\"1.8em\" ul_font=\"||||||||\" ol_font=\"||||||||\" header_font=\"||||||||\" header_2_font=\"Poppins|600|||||||\" header_2_font_size=\"36px\" header_2_line_height=\"1.4em\" max_width=\"800px\" animation_style=\"fold\" animation_direction=\"bottom\" animation_intensity_fold=\"10%\" animation_starting_opacity=\"100%\" global_colors_info=\"{}\"]<\/p>\n<h2>R\u00e9sultats<\/h2>\n<p>Gr\u00e2ce \u00e0 nos activit\u00e9s, l'entreprise cliente a vu ses ventes de terminaux de paiement augmenter de mani\u00e8re significative. En commen\u00e7ant par une enqu\u00eate sur les int\u00e9r\u00eats des clients, nous avons pu mieux adapter notre offre \u00e0 leurs besoins, ce qui a influenc\u00e9 l'efficacit\u00e9 de nos activit\u00e9s de marketing. Nos campagnes ont \u00e9galement contribu\u00e9 \u00e0 accro\u00eetre la notori\u00e9t\u00e9 de la marque et \u00e0 renforcer sa position sur le march\u00e9 [\/et_pb_text][\/et_pb_column][\/et_pb_row][\/et_pb_section][et_pb_section fb_built=\"1\u2033 admin_label=\"Section de nos derniers projets\" _builder_version=\"4.16\u2033 background_color=\"#f0f0f0\u2033 background_color_gradient_direction=\"100deg\" background_position=\"top_center\" custom_margin=\"-86px|||||\" custom_padding=\"90px||90px|\" locked=\"off\" global_colors_info=\"{}\"][et_pb_row _builder_version=\"4.22.2\u2033 _module_preset=\"default\" global_colors_info=\"{}\"][et_pb_column type=\"4_4\u2033 _builder_version=\"4.22.2\u2033 _module_preset=\"default\" global_colors_info=\"{}\"][et_pb_slider arrows_custom_color=\"#3333\u2033 _builder_version=\"4.22.2\u2033 _module_preset=\"default\" header_font=\"|600|||||||\" header_text_color=\"#3333\u2033 header_font_size=\"30px\" header_line_height=\"1.4em\" body_font=\"Poppins||||||||\" body_text_color=\"#333333\u2033 background_color=\"#FFFFFF\" custom_button=\"on\" button_text_size=\"16px\" button_bg_color=\"#8b20bb\" button_border_width=\"12px\" button_border_color=\"#8b20bb\" button_letter_spacing=\"2px\" button_font=\"Poppins||on|||||\" custom_padding=\"25px||25px|false|false\" global_colors_info=\"{}\"][et_pb_slide heading=\"Boutique de spiritueux sophistiqu\u00e9e\" button_text=\"PREVIEW\" button_link=\"https :\/\/affpact.com\/alcohol-store\" image=\"https:\/\/affpact.com\/wp-content\/uploads\/2023\/10\/istockphoto-1273925063-612\u00d7612-1.png\" _builder_version=\"4.22.2\u2033 _module_preset=\"default\" header_font=\"Poppins||||||||\" body_line_height=\"1.8em\" global_colors_info=\"{}\" sticky_transition=\"on\"]Gr\u00e2ce \u00e0 nos efforts marketing soigneusement adapt\u00e9s, le magasin a non seulement gagn\u00e9 de nouveaux clients, mais a \u00e9galement augment\u00e9 les ventes de sa gamme unique d'alcools. Nous avons obtenu un retour sur investissement de 200%, un taux d'ouverture de 24% et un taux de conversion de 1 21%.[\/et_pb_slide][et_pb_slide heading=\"Telecommunications provider\" button_text=\"PREVIEW\" button_link=\"https:\/\/affpact.com\/telecommunications\" image=\"https:\/\/affpact.com\/wp-content\/uploads\/2023\/10\/istockphoto-493902060-170667a.png\" _builder_version=\"4.22.2\u2033 _module_preset=\"default\" header_font=\"Poppins||||||||\" body_font=\"Poppins||||||||\" body_line_height=\"1.8em\" global_colors_info=\"{}\" sticky_transition=\"on\"]Gr\u00e2ce \u00e0 nos efforts fructueux, notre client, fournisseur de services de t\u00e9l\u00e9communications, a vu ses ventes d'abonnements mobiles augmenter de mani\u00e8re significative. Nos campagnes de publipostage, notre marketing par affichage et nos ventes par l'interm\u00e9diaire du centre d'appels ont contribu\u00e9 \u00e0 accro\u00eetre la notori\u00e9t\u00e9 de la marque et \u00e0 convertir les clients potentiels en acheteurs fid\u00e8les. Notre strat\u00e9gie marketing globale a aid\u00e9 le client \u00e0 r\u00e9ussir sur le march\u00e9 concurrentiel des t\u00e9l\u00e9communications.\"[\/et_pb_slide][et_pb_slide heading=\"Payment terminal provider\" button_text=\"PREVIEW\" button_link=\"https:\/\/affpact.com\/payment-terminal-provider\" image=\"https:\/\/affpact.com\/wp-content\/uploads\/2023\/10\/7135269.png\" _builder_version=\"4.22.2\u2033 _module_preset=\"default\" header_font=\"Poppins||||||||\" body_font=\"Poppins||||||||\" body_line_height=\"1.8em\" global_colors_info=\"{}\" sticky_transition=\"on\"]Gr\u00e2ce \u00e0 nos activit\u00e9s, le client a vu ses ventes de terminaux de paiement augmenter de mani\u00e8re significative. L'\u00e9tude des besoins des clients a contribu\u00e9 \u00e0 une personnalisation plus efficace de l'offre. Nos campagnes ont \u00e9galement contribu\u00e9 \u00e0 accro\u00eetre la notori\u00e9t\u00e9 de la marque et \u00e0 renforcer sa position sur le march\u00e9.[\/et_pb_slide][et_pb_slide heading=\"Premium clothing shop\" button_text=\"PREVIEW\" button_link=\"https:\/\/affpact.com\/premium-clothing-store\/\" image=\"https:\/\/affpact.com\/wp-content\/uploads\/2023\/10\/istockphoto-1267581166-170667a.png\" _builder_version=\"4.22.2\u2033 _module_preset=\"default\" header_font=\"Poppins||||||||\" body_font=\"Poppins||||||||\" body_line_height=\"1.8em\" global_colors_info=\"{}\" sticky_transition=\"on\"]<\/p>\n<p>Les activit\u00e9s ont donn\u00e9 des r\u00e9sultats impressionnants. Notre strat\u00e9gie personnalis\u00e9e a contribu\u00e9 \u00e0 une augmentation significative de la visibilit\u00e9 de la marque et des ventes de v\u00eatements haut de gamme en ligne. Nos campagnes ont converti des clients potentiels en acheteurs r\u00e9guliers, et le client a constat\u00e9 une augmentation significative du retour sur investissement, des conversions et du trafic vers son site web. Il s'agit d'un excellent exemple de r\u00e9ussite dans le secteur concurrentiel de la mode pour les femmes d'\u00e2ge m\u00fbr.<\/p>\n<p>[\/et_pb_slide][et_pb_slide heading=\"Startup SaaS\" button_text=\"READ\" button_link=\"https:\/\/affpact.com\/startupu-sas\" image=\"https:\/\/affpact.com\/wp-content\/uploads\/2023\/10\/data-icon.png\" _builder_version=\"4.22.2\u2033 _module_preset=\"default\" header_font=\"Poppins||||||||\" body_font=\"Poppins||||||||\" body_line_height=\"1.8em\" global_colors_info=\"{}\" sticky_transition=\"on\"]<\/p>\n<p>En trois mois d'activit\u00e9 intensive, notre client a enregistr\u00e9 d'excellents r\u00e9sultats. Nous avons acquis 7 nouvelles entreprises clientes, ce qui est un r\u00e9sultat significatif sur le march\u00e9 B2B. Les campagnes de mailing ont atteint un CTR impressionnant de 11 29%, confirmant l'efficacit\u00e9 des activit\u00e9s. Le trafic vers le site web du client a augment\u00e9 de fa\u00e7on impressionnante de 78%, ce qui d\u00e9montre la notori\u00e9t\u00e9 accrue de la marque. Notre client est absolument satisfait des r\u00e9sultats des campagnes et continue \u00e0 travailler de mani\u00e8re fructueuse avec notre agence.<\/p>\n<p>[\/et_pb_slide][et_pb_slide heading=\"Coach\" button_text=\"READ\" button_link=\"https:\/\/affpact.com\/ekspert-coach\" image=\"https:\/\/affpact.com\/wp-content\/uploads\/2023\/10\/2726000.png\" _builder_version=\"4.22.2\u2033 _module_preset=\"default\" header_font=\"Poppins||||||||\" body_font=\"Poppins||||||||\" body_line_height=\"1.8em\" global_colors_info=\"{}\" sticky_transition=\"on\"]<\/p>\n<p>L'exemple de notre client est une r\u00e9ussite inspirante. Un coach passionn\u00e9 a fix\u00e9 des objectifs commerciaux ambitieux. Ensemble, nous avons \u00e9labor\u00e9 une strat\u00e9gie de marketing, en nous concentrant sur l'optimisation du site web et l'envoi d'e-mails efficaces. Les r\u00e9sultats ont d\u00e9pass\u00e9 nos attentes : 4 collaborations pr\u00e9cieuses, 7 nouveaux mots-cl\u00e9s et une augmentation du trafic sur le site web de 217%. Notre collaboration a aid\u00e9 le client \u00e0 r\u00e9ussir dans le secteur du coaching.<\/p>\n<p>[\/et_pb_slide][et_pb_slide heading=\"Banque\" button_text=\"LIRE\" button_link=\"https:\/\/affpact.com\/bank\" image=\"https:\/\/affpact.com\/wp-content\/uploads\/2023\/10\/istockphoto-866779562-170667a.jpg\" _builder_version=\"4.22.2\u2033 _module_preset=\"default\" header_font=\"Poppins||||||||\" body_font=\"Poppins||||||||\" body_line_height=\"1.8em\" global_colors_info=\"{}\" sticky_transition=\"on\"]<\/p>\n<p>Le cas de la transformation de la banque est une histoire inspirante de r\u00e9ussite. En collaboration avec le client, nous avons \u00e9labor\u00e9 une strat\u00e9gie marketing compl\u00e8te qui a permis d'obtenir pas moins de 39 000 clics. Nos efforts ont permis \u00e0 216 nouveaux clients particuliers et \u00e0 111 clients professionnels d'ouvrir des comptes personnels et professionnels. Le site web de la banque a enregistr\u00e9 une augmentation impressionnante du trafic de 217%. Notre coop\u00e9ration a permis \u00e0 la banque d'attirer de nouveaux clients et d'augmenter ses ventes.<\/p>\n<p>[\/et_pb_slide][\/et_pb_slider][\/et_pb_column][\/et_pb_row][\/et_pb_section][et_pb_section fb_built=\"1\u2033 admin_label=\"Hero Section\" _builder_version=\"4.16\u2033 background_color_gradient_direction=\"100deg\" background_image=\"https:\/\/affpact.com\/wp-content\/uploads\/2023\/10\/section-bg-hero3.png\" custom_padding=\"8%||8%|\" locked=\"off\" global_colors_info=\"{}\"][et_pb_row admin_label=\"Hero Area\" _builder_version=\"4.16\u2033 background_size=\"initial\" background_position=\"top_left\" background_repeat=\"repeat\" global_colors_info=\"{}\"][et_pb_column type=\"4_4\u2033 _builder_version=\"4.16\u2033 custom_padding=\"|||\" global_colors_info=\"{}\" custom_padding__hover=\"|||\"][et_pb_cta title=\"Parlons collaboration \" button_url=\"https:\/\/affpact.com\/cooperation\" button_text=\"Contact \" admin_label=\"Hero Text\" _builder_version=\"4.22.2\u2033 header_level=\"h1\u2033 header_font=\"Poppins|600|||||||\" header_font_size=\"48px\" header_line_height=\"1.4em\" body_font=\"Poppins||||||||\" body_font_size=\"18px\" body_line_height=\"1.8em\" use_background_color=\"off\" custom_button=\"on\" button_text_size=\"14px\" button_text_color=\"#ffff\" button_bg_color=\"#000dff\" button_border_width=\"12px\" button_border_color=\"#000dff\" button_letter_spacing=\"2px\" button_font=\"Poppins|600||on|||||\" button_icon=\"$||divi||400\u2033 background_layout=\"light\" max_width=\"700px\" module_alignment=\"center\" animation_style=\"fade\" global_colors_info=\"{}\" button_text_size__hover_enabled=\"off\" button_one_text_size__hover_enabled=\"off\" button_two_text_size__hover_enabled=\"off\" button_text_color__hover_enabled=\"off\" button_one_text_color__hover_enabled=\"off\" button_two_text_color__hover_enabled=\"off\" button_border_width__hover_enabled=\"off\" button_one_border_width__hover_enabled=\"off\" button_two_border_width__hover_enabled=\"off\" button_border_color__hover_enabled=\"off\" button_one_border_color__hover_enabled=\"off\" button_two_border_color__hover_enabled=\"off\" button_border_radius__hover_enabled=\"off\" button_one_border_radius__hover_enabled=\"off\" button_two_border_radius__hover_enabled=\"off\" button_letter_spacing__hover_enabled=\"off\" button_one_letter_spacing__hover_enabled=\"off\" button_two_letter_spacing__hover_enabled=\"off\" button_bg_color__hover_enabled=\"off\" button_one_bg_color__hover_enabled=\"off\" button_two_bg_color__hover_enabled=\"off\"]<\/p>\n<p>Laissez-nous devenir votre partenaire fiable en mati\u00e8re de marketing. Faites-nous confiance, et ensemble, nous conna\u00eetrons le succ\u00e8s.<\/p>\n<p>[\/et_pb_cta][\/et_pb_column][\/et_pb_row][\/et_pb_section]<\/p>","protected":false},"excerpt":{"rendered":"<p>Fournisseur de terminaux de paiement Optimisation des transactions : Le cas d'un fournisseur de terminaux de paiement Notre client est une soci\u00e9t\u00e9 sp\u00e9cialis\u00e9e dans la fourniture de terminaux de paiement aux entreprises. Elle nous a contact\u00e9s pour d\u00e9velopper efficacement sa base de client\u00e8le et augmenter ses ventes de terminaux de paiement. Hypoth\u00e8ses Les objectifs du client \u00e9taient d'augmenter les ventes de terminaux de paiement et d'atteindre de nouveaux clients professionnels. Notre premier [...]<\/p>","protected":false},"author":2,"featured_media":0,"parent":0,"menu_order":0,"comment_status":"closed","ping_status":"closed","template":"","meta":{"_et_pb_use_builder":"on","_et_pb_old_content":"","_et_gb_content_width":"","footnotes":""},"class_list":["post-238","page","type-page","status-publish","hentry"],"aioseo_notices":[],"_links":{"self":[{"href":"https:\/\/affpact.com\/fr\/wp-json\/wp\/v2\/pages\/238","targetHints":{"allow":["GET"]}}],"collection":[{"href":"https:\/\/affpact.com\/fr\/wp-json\/wp\/v2\/pages"}],"about":[{"href":"https:\/\/affpact.com\/fr\/wp-json\/wp\/v2\/types\/page"}],"author":[{"embeddable":true,"href":"https:\/\/affpact.com\/fr\/wp-json\/wp\/v2\/users\/2"}],"replies":[{"embeddable":true,"href":"https:\/\/affpact.com\/fr\/wp-json\/wp\/v2\/comments?post=238"}],"version-history":[{"count":17,"href":"https:\/\/affpact.com\/fr\/wp-json\/wp\/v2\/pages\/238\/revisions"}],"predecessor-version":[{"id":728,"href":"https:\/\/affpact.com\/fr\/wp-json\/wp\/v2\/pages\/238\/revisions\/728"}],"wp:attachment":[{"href":"https:\/\/affpact.com\/fr\/wp-json\/wp\/v2\/media?parent=238"}],"curies":[{"name":"wp","href":"https:\/\/api.w.org\/{rel}","templated":true}]}}